{"id":4823,"date":"2024-04-22T11:13:55","date_gmt":"2024-04-22T09:13:55","guid":{"rendered":"https:\/\/www.pe.de\/aviso-legal\/"},"modified":"2025-11-12T09:34:50","modified_gmt":"2025-11-12T08:34:50","slug":"aviso-legal","status":"publish","type":"page","link":"https:\/\/www.pe.de\/es\/aviso-legal\/","title":{"rendered":"Aviso legal"},"content":{"rendered":"<div id=\"c661d9b4\" class=\"gb-section gb-container gb-container-c661d9b4\" data-container-type=\"section\" data-theme=\"dark\">\n<div id=\"b268983d\" class=\"gb-inner-section gb-container gb-container-b268983d\" data-container-type=\"container\" data-theme=\"inherit\">\n\n<div class=\"wp-block-pixel-headline headlines is-subheadline-bottom has-text-align-left is-gap-xl\"><h1 class=\"headline\" style=\"color:\">Aviso legal<\/h1><\/div>\n\n<\/div>\n<\/div><section id=\"d56153e8\" class=\"gb-section gb-container gb-container-d56153e8\" data-container-type=\"section\" data-theme=\"light\" style=\"--section-padding-bottom:0;\">\n<div id=\"40554b6a\" class=\"gb-inner-section gb-container gb-container-40554b6a\" data-container-type=\"container\" data-theme=\"inherit\">\n<div id=\"acd5083d\" class=\"gb-container gb-container-acd5083d\" data-container-type=\"container\" data-theme=\"inherit\">\n\n<p><br\/>PE Automotive GmbH &amp; Co. KG<\/p>\n\n\n\n<p>Industriestra\u00dfe 77<br\/>42327 Wuppertal<br\/>Alemania<\/p>\n\n\n\n<p>T +49 202 94 798-0 <br\/>F +49 202 94 798-199<\/p>\n\n\n\n<p>E <a href=\"mailto:info@pe.de\" target=\"_blank\" rel=\"nofollow\">info@pe.de<\/a><\/p>\n\n\n\n<p>Forma jur\u00eddica: Sociedad comanditaria<br\/>Domicilio social: Wuppertal<br\/>Tribunal de registro: AG Wuppertal, HRA 24271<br\/>Socio personalmente responsable: PE Beteiligungs GmbH, Wuppertal (Juzgado de Primera Instancia de Wuppertal HRB 27265)<\/p>\n\n\n\n<p>Gerente\/Managing Director: Jens Wilken-Johannes, Thomas Kobudzinski<br\/><\/p>\n\n\n\n<p><strong><strong>Concepci\u00f3n, dise\u00f1o web y programaci\u00f3n web<\/strong><\/strong><br\/>PixelProduction GmbH &amp; Co. KG<br\/>Agencia de marketing y comunicaci\u00f3n<br\/><a href=\"http:\/\/www.pixelproduction.de\" target=\"_blank\" rel=\"nofollow\">www.pixelproduction.de<\/a><\/p>\n\n\n\n<p><strong>Resoluci\u00f3n de litigios<\/strong><br\/>No estamos dispuestos ni obligados a participar en procedimientos de resoluci\u00f3n de litigios ante una junta de arbitraje para el consumidor.<\/p>\n\n\n\n<p><strong>Responsabilidad por los enlaces<\/strong><br\/>Nuestra oferta contiene enlaces a sitios web externos de terceros sobre cuyos contenidos no tenemos ninguna influencia. Por lo tanto, no podemos asumir ninguna responsabilidad por estos contenidos ajenos. El proveedor u operador de las p\u00e1ginas es siempre el responsable del contenido de las p\u00e1ginas enlazadas. Las p\u00e1ginas enlazadas fueron revisadas en el momento de la creaci\u00f3n del enlace para detectar posibles infracciones legales. En el momento de la creaci\u00f3n del enlace no se detectaron contenidos ilegales.<br\/>Sin embargo, no es razonable realizar un control permanente del contenido de las p\u00e1ginas enlazadas sin indicios concretos de una infracci\u00f3n de la ley. Si tenemos conocimiento de alguna infracci\u00f3n de la ley, eliminaremos dichos enlaces de inmediato.<\/p>\n\n\n\n<p><strong>Derechos de autor<\/strong><br\/>Los contenidos y obras creados por los operadores de las p\u00e1ginas en estas p\u00e1ginas est\u00e1n sujetos a la ley alemana de derechos de autor. La reproducci\u00f3n, el procesamiento, la distribuci\u00f3n y cualquier tipo de explotaci\u00f3n fuera de los l\u00edmites de la ley de derechos de autor requieren el consentimiento por escrito del autor o creador respectivo. Las descargas y copias de esta p\u00e1gina solo est\u00e1n permitidas para uso privado, no comercial.<br\/>En la medida en que el contenido de esta p\u00e1gina no haya sido creado por el operador, se respetar\u00e1n los derechos de autor de terceros. En particular, el contenido de terceros se identifica como tal. Si, a pesar de ello, observa una infracci\u00f3n de los derechos de autor, le rogamos que nos lo comunique. Si tenemos conocimiento de alguna infracci\u00f3n de la ley, eliminaremos dichos contenidos de inmediato.<\/p>\n\n<\/div>\n<\/div>\n<\/section>","protected":false},"excerpt":{"rendered":"<p>PE Automotive GmbH &amp; Co. KG Industriestra\u00dfe 7742327 WuppertalAlemania T +49 202 94 798-0 F +49 202 94 798-199 E info@pe.de Forma jur\u00eddica: Sociedad comanditariaDomicilio social: WuppertalTribunal de registro: AG Wuppertal, HRA 24271Socio personalmente responsable: PE Beteiligungs GmbH, Wuppertal (Juzgado de Primera Instancia de Wuppertal HRB 27265) Gerente\/Managing Director: Jens Wilken-Johannes, Thomas Kobudzinski Concepci\u00f3n, dise\u00f1o &#8230; <a title=\"Aviso legal\" class=\"read-more\" href=\"https:\/\/www.pe.de\/es\/aviso-legal\/\" aria-label=\"Leer m\u00e1s sobre Aviso legal\">Weiterlesen &#8230;<\/a><\/p>\n","protected":false},"author":1,"featured_media":0,"parent":0,"menu_order":11,"comment_status":"closed","ping_status":"closed","template":"","meta":{"_acf_changed":false,"inline_featured_image":false,"footnotes":""},"class_list":["post-4823","page","type-page","status-publish"],"acf":[],"yoast_head":"<!-- This site is optimized with the Yoast SEO plugin v27.2 - https:\/\/yoast.com\/product\/yoast-seo-wordpress\/ -->\n<title>La gama completa de PE Automotive<\/title>\n<meta name=\"description\" content=\"Recambios y accesorios para veh\u00edculos industriales\/camiones \u2713 Para el comercio, flotas y talleres \u2713 Con calidad OEM \u2713 Gama completa \u25ba \u00a1P\u00f3ngase en contacto ahora!\" \/>\n<meta name=\"robots\" content=\"index, follow, max-snippet:-1, max-image-preview:large, max-video-preview:-1\" \/>\n<link rel=\"canonical\" href=\"https:\/\/www.pe.de\/es\/aviso-legal\/\" \/>\n<meta property=\"og:locale\" content=\"es_ES\" \/>\n<meta property=\"og:type\" content=\"article\" \/>\n<meta property=\"og:title\" content=\"La gama completa de PE Automotive\" \/>\n<meta property=\"og:description\" content=\"Recambios y accesorios para veh\u00edculos industriales\/camiones \u2713 Para el comercio, flotas y talleres \u2713 Con calidad OEM \u2713 Gama completa \u25ba \u00a1P\u00f3ngase en contacto ahora!\" \/>\n<meta property=\"og:url\" content=\"https:\/\/www.pe.de\/es\/aviso-legal\/\" \/>\n<meta property=\"og:site_name\" content=\"PE Automotive\" \/>\n<meta property=\"article:modified_time\" content=\"2025-11-12T08:34:50+00:00\" \/>\n<meta name=\"twitter:card\" content=\"summary_large_image\" \/>\n<meta name=\"twitter:label1\" content=\"Tiempo de lectura\" \/>\n\t<meta name=\"twitter:data1\" content=\"2 minutos\" \/>\n<script type=\"application\/ld+json\" class=\"yoast-schema-graph\">{\"@context\":\"https:\/\/schema.org\",\"@graph\":[{\"@type\":\"WebPage\",\"@id\":\"https:\/\/www.pe.de\/es\/aviso-legal\/\",\"url\":\"https:\/\/www.pe.de\/es\/aviso-legal\/\",\"name\":\"La gama completa de PE Automotive\",\"isPartOf\":{\"@id\":\"https:\/\/www.pe.de\/es\/#website\"},\"datePublished\":\"2024-04-22T09:13:55+00:00\",\"dateModified\":\"2025-11-12T08:34:50+00:00\",\"description\":\"Recambios y accesorios para veh\u00edculos industriales\/camiones \u2713 Para el comercio, flotas y talleres \u2713 Con calidad OEM \u2713 Gama completa \u25ba \u00a1P\u00f3ngase en contacto ahora!\",\"breadcrumb\":{\"@id\":\"https:\/\/www.pe.de\/es\/aviso-legal\/#breadcrumb\"},\"inLanguage\":\"es\",\"potentialAction\":[{\"@type\":\"ReadAction\",\"target\":[\"https:\/\/www.pe.de\/es\/aviso-legal\/\"]}]},{\"@type\":\"BreadcrumbList\",\"@id\":\"https:\/\/www.pe.de\/es\/aviso-legal\/#breadcrumb\",\"itemListElement\":[{\"@type\":\"ListItem\",\"position\":1,\"name\":\"Startseite\",\"item\":\"https:\/\/www.pe.de\/es\/\"},{\"@type\":\"ListItem\",\"position\":2,\"name\":\"Aviso legal\"}]},{\"@type\":\"WebSite\",\"@id\":\"https:\/\/www.pe.de\/es\/#website\",\"url\":\"https:\/\/www.pe.de\/es\/\",\"name\":\"PE Automotive\",\"description\":\"\",\"publisher\":{\"@id\":\"https:\/\/www.pe.de\/es\/#organization\"},\"potentialAction\":[{\"@type\":\"SearchAction\",\"target\":{\"@type\":\"EntryPoint\",\"urlTemplate\":\"https:\/\/www.pe.de\/es\/?s={search_term_string}\"},\"query-input\":{\"@type\":\"PropertyValueSpecification\",\"valueRequired\":true,\"valueName\":\"search_term_string\"}}],\"inLanguage\":\"es\"},{\"@type\":\"Organization\",\"@id\":\"https:\/\/www.pe.de\/es\/#organization\",\"name\":\"PE Automotive\",\"url\":\"https:\/\/www.pe.de\/es\/\",\"logo\":{\"@type\":\"ImageObject\",\"inLanguage\":\"es\",\"@id\":\"https:\/\/www.pe.de\/es\/#\/schema\/logo\/image\/\",\"url\":\"https:\/\/www.pe.de\/wp-content\/uploads\/Logo_PE_filled_version_white-1.svg\",\"contentUrl\":\"https:\/\/www.pe.de\/wp-content\/uploads\/Logo_PE_filled_version_white-1.svg\",\"width\":100,\"height\":100,\"caption\":\"PE Automotive\"},\"image\":{\"@id\":\"https:\/\/www.pe.de\/es\/#\/schema\/logo\/image\/\"}}]}<\/script>\n<!-- \/ Yoast SEO plugin. -->","yoast_head_json":{"title":"La gama completa de PE Automotive","description":"Recambios y accesorios para veh\u00edculos industriales\/camiones \u2713 Para el comercio, flotas y talleres \u2713 Con calidad OEM \u2713 Gama completa \u25ba \u00a1P\u00f3ngase en contacto ahora!","robots":{"index":"index","follow":"follow","max-snippet":"max-snippet:-1","max-image-preview":"max-image-preview:large","max-video-preview":"max-video-preview:-1"},"canonical":"https:\/\/www.pe.de\/es\/aviso-legal\/","og_locale":"es_ES","og_type":"article","og_title":"La gama completa de PE Automotive","og_description":"Recambios y accesorios para veh\u00edculos industriales\/camiones \u2713 Para el comercio, flotas y talleres \u2713 Con calidad OEM \u2713 Gama completa \u25ba \u00a1P\u00f3ngase en contacto ahora!","og_url":"https:\/\/www.pe.de\/es\/aviso-legal\/","og_site_name":"PE Automotive","article_modified_time":"2025-11-12T08:34:50+00:00","twitter_card":"summary_large_image","twitter_misc":{"Tiempo de lectura":"2 minutos"},"schema":{"@context":"https:\/\/schema.org","@graph":[{"@type":"WebPage","@id":"https:\/\/www.pe.de\/es\/aviso-legal\/","url":"https:\/\/www.pe.de\/es\/aviso-legal\/","name":"La gama completa de PE Automotive","isPartOf":{"@id":"https:\/\/www.pe.de\/es\/#website"},"datePublished":"2024-04-22T09:13:55+00:00","dateModified":"2025-11-12T08:34:50+00:00","description":"Recambios y accesorios para veh\u00edculos industriales\/camiones \u2713 Para el comercio, flotas y talleres \u2713 Con calidad OEM \u2713 Gama completa \u25ba \u00a1P\u00f3ngase en contacto ahora!","breadcrumb":{"@id":"https:\/\/www.pe.de\/es\/aviso-legal\/#breadcrumb"},"inLanguage":"es","potentialAction":[{"@type":"ReadAction","target":["https:\/\/www.pe.de\/es\/aviso-legal\/"]}]},{"@type":"BreadcrumbList","@id":"https:\/\/www.pe.de\/es\/aviso-legal\/#breadcrumb","itemListElement":[{"@type":"ListItem","position":1,"name":"Startseite","item":"https:\/\/www.pe.de\/es\/"},{"@type":"ListItem","position":2,"name":"Aviso legal"}]},{"@type":"WebSite","@id":"https:\/\/www.pe.de\/es\/#website","url":"https:\/\/www.pe.de\/es\/","name":"PE Automotive","description":"","publisher":{"@id":"https:\/\/www.pe.de\/es\/#organization"},"potentialAction":[{"@type":"SearchAction","target":{"@type":"EntryPoint","urlTemplate":"https:\/\/www.pe.de\/es\/?s={search_term_string}"},"query-input":{"@type":"PropertyValueSpecification","valueRequired":true,"valueName":"search_term_string"}}],"inLanguage":"es"},{"@type":"Organization","@id":"https:\/\/www.pe.de\/es\/#organization","name":"PE Automotive","url":"https:\/\/www.pe.de\/es\/","logo":{"@type":"ImageObject","inLanguage":"es","@id":"https:\/\/www.pe.de\/es\/#\/schema\/logo\/image\/","url":"https:\/\/www.pe.de\/wp-content\/uploads\/Logo_PE_filled_version_white-1.svg","contentUrl":"https:\/\/www.pe.de\/wp-content\/uploads\/Logo_PE_filled_version_white-1.svg","width":100,"height":100,"caption":"PE Automotive"},"image":{"@id":"https:\/\/www.pe.de\/es\/#\/schema\/logo\/image\/"}}]}},"_links":{"self":[{"href":"https:\/\/www.pe.de\/es\/wp-json\/wp\/v2\/pages\/4823","targetHints":{"allow":["GET"]}}],"collection":[{"href":"https:\/\/www.pe.de\/es\/wp-json\/wp\/v2\/pages"}],"about":[{"href":"https:\/\/www.pe.de\/es\/wp-json\/wp\/v2\/types\/page"}],"author":[{"embeddable":true,"href":"https:\/\/www.pe.de\/es\/wp-json\/wp\/v2\/users\/1"}],"replies":[{"embeddable":true,"href":"https:\/\/www.pe.de\/es\/wp-json\/wp\/v2\/comments?post=4823"}],"version-history":[{"count":1,"href":"https:\/\/www.pe.de\/es\/wp-json\/wp\/v2\/pages\/4823\/revisions"}],"predecessor-version":[{"id":4824,"href":"https:\/\/www.pe.de\/es\/wp-json\/wp\/v2\/pages\/4823\/revisions\/4824"}],"wp:attachment":[{"href":"https:\/\/www.pe.de\/es\/wp-json\/wp\/v2\/media?parent=4823"}],"curies":[{"name":"wp","href":"https:\/\/api.w.org\/{rel}","templated":true}]}}