{"id":4816,"date":"2023-08-02T19:35:35","date_gmt":"2023-08-02T17:35:35","guid":{"rendered":"https:\/\/www.pe.de\/historia\/"},"modified":"2025-11-24T09:55:29","modified_gmt":"2025-11-24T08:55:29","slug":"historia","status":"publish","type":"page","link":"https:\/\/www.pe.de\/es\/pe-id\/historia\/","title":{"rendered":"Historia"},"content":{"rendered":"<div id=\"c979e29e\" class=\"hero hero-c979e29e hero--default\" data-theme=\"dark\">\r\n\t\t\t\t\t\t\t\t<div class=\"acf-innerblocks-container\">\n\r\n\t\t\t       \r\n                    \r\n            <div id=\"bc376e48\" class=\"hero-slide hero-slide-bc376e48 hero-slide--overlay hero-slide--image\">\r\n\t\t\t\t<div class=\"hero-canvas\">\r\n\t\t\t\t\t\r\n\t\t\t\t\r\n\t\t\t\t\r\n\t\t\t\t\t\r\n\r\n\t\t\t\t\t<h1 class=\"hero-headline\">Historia<\/h1>\r\n\r\n\r\n\r\n\r\n\r\n\r\n\t\t\t\t\t<span class=\"hero-subheadline subheadline\">Ingenier\u00eda alemana: desde hace m\u00e1s de 75 a\u00f1os<\/span>\t\t\t\t<\/div>\r\n\t\t\t\t<div class=\"hero-media hero-media-image\"><img loading=\"lazy\" decoding=\"async\" width=\"1920\" height=\"600\" src=\"https:\/\/www.pe.de\/wp-content\/uploads\/hero-historie.jpg\" class=\"attachment-full size-full\" alt=\"\" srcset=\"https:\/\/www.pe.de\/wp-content\/uploads\/hero-historie.jpg 1920w, https:\/\/www.pe.de\/wp-content\/uploads\/hero-historie-300x94.jpg 300w, https:\/\/www.pe.de\/wp-content\/uploads\/hero-historie-1024x320.jpg 1024w, https:\/\/www.pe.de\/wp-content\/uploads\/hero-historie-768x240.jpg 768w, https:\/\/www.pe.de\/wp-content\/uploads\/hero-historie-1536x480.jpg 1536w\" sizes=\"auto, (max-width: 1920px) 100vw, 1920px\" \/><\/div>            <\/div>\r\n\t\t\t\t\r\n            \r\n\t\t\t\r\n        \r\n            \n<\/div>\r\n\t\t\t\t\t\t\t\t\t\t\t\t<div id=\"start\"><\/div>\r\n\t\t\t<\/div>\r\n\t\t\t\t\r\n\t\t\t\r\n\t\t\t        \r\n            \n\n<div id=\"c661d9b4\" class=\"gb-section gb-container gb-container-c661d9b4\" data-container-type=\"section\" data-theme=\"light\">\n<div id=\"b268983d\" class=\"gb-inner-section gb-container gb-container-b268983d\" data-container-type=\"container\" data-theme=\"inherit\">\n<div id=\"491ee36d\" class=\"gb-container gb-container-491ee36d\" data-container-type=\"container\" data-theme=\"inherit\">\n\n<div class=\"wp-block-pixel-headline headlines is-subheadline-bottom has-text-align-left\"><h2 class=\"headline\" style=\"color:\">HITOS DE LA HISTORIA DE LA EMPRESA<\/h2><span class=\"subheadline\" style=\"color:\">Experiencia y competencia concentrada<\/span><\/div>\n\n\n\n<p>La experiencia es irremplazable. En PE, antes conocida como Peters Ennepetal, puede confiar en la experiencia y competencia concentrada de m\u00e1s de 75 a\u00f1os.<\/p>\n\n\n\n<p>Conocemos las exigencias del mercado de veh\u00edculos comerciales y apoyamos al comercio, a los talleres y a los operadores de flotas con recambios de marca para la reparaci\u00f3n en funci\u00f3n del valor actual. Desde 1947 y tambi\u00e9n en el futuro.<\/p>\n\n<\/div>\n<\/div>\n<\/div>\n\n<div id=\"e18e3fcb\" class=\"gb-section gb-container gb-container-e18e3fcb\" data-container-type=\"section\" data-theme=\"dark\">\n<div id=\"dcbc9612\" class=\"gb-inner-section gb-container gb-container-dcbc9612\" data-container-type=\"container\" data-theme=\"inherit\">\n\r\n\t\t\t<!-- start:history -->\r\n       \r\n                    \r\n            <div id=\"8f5570b8\" class=\"history history-8f5570b8\">\r\n\t\t\t\t<div class=\"acf-innerblocks-container\">\n\r\n\t\t\t<!-- start:history-item -->\r\n       \r\n                        <div id=\"60257964\" class=\"history-item history-item-60257964 has-media\">\r\n\t\t\t\t<div class=\"history-sep\"><!--<span class=\"bu\"><\/span><span class=\"u\"><\/span><span class=\"c\"><\/span><span class=\"d\"><\/span><span class=\"bd\"><\/span> --> <\/div>\r\n\t\t\t\t<div class=\"history-item-inner\">\r\n\t\t\t\t\t<div class=\"history-media\"><img loading=\"lazy\" decoding=\"async\" width=\"750\" height=\"600\" src=\"https:\/\/www.pe.de\/wp-content\/uploads\/1947-750x600.jpg\" class=\"attachment-content size-content\" alt=\"\" data-aos-delay=\"500\" data-aos=\"fade-up\" \/><\/div>\t\t\t\t\t<div class=\"history-content\">\r\n\t\t\t\t\t\t<span class=\"history-year\" data-aos=\"fade-down\">1947<\/span>\t\t\t\t\t\t<h3 class=\"history-headline headline\" data-aos=\"fade-up-left\">El principio<\/h3>\t\t\t\t\t\t<div class=\"history-copy\" data-aos=\"fade-up-right\"><p>Los inicios de la empresa familiar se remontan al a\u00f1o 1947. En aquel entonces se funda la empresa Peters en Ennepetal.<\/p>\n<\/div>\t\t\t\t\t<\/div>\r\n\t\t\t\t<\/div>\r\n            <\/div>\r\n\t\t\t\t\r\n\t\t\t\r\n            <!-- end:history-item -->\r\n        \r\n            \n\n\r\n\t\t\t<!-- start:history-item -->\r\n       \r\n                        <div id=\"5c40d519\" class=\"history-item history-item-5c40d519 has-media\">\r\n\t\t\t\t<div class=\"history-sep\"><!--<span class=\"bu\"><\/span><span class=\"u\"><\/span><span class=\"c\"><\/span><span class=\"d\"><\/span><span class=\"bd\"><\/span> --> <\/div>\r\n\t\t\t\t<div class=\"history-item-inner\">\r\n\t\t\t\t\t<div class=\"history-media\"><img loading=\"lazy\" decoding=\"async\" width=\"750\" height=\"600\" src=\"https:\/\/www.pe.de\/wp-content\/uploads\/1967-750x600.jpg\" class=\"attachment-content size-content\" alt=\"\" data-aos-delay=\"500\" data-aos=\"fade-up\" \/><\/div>\t\t\t\t\t<div class=\"history-content\">\r\n\t\t\t\t\t\t<span class=\"history-year\" data-aos=\"fade-down\">1967<\/span>\t\t\t\t\t\t<h3 class=\"history-headline headline\" data-aos=\"fade-up-left\">Cambio generacional<\/h3>\t\t\t\t\t\t<div class=\"history-copy\" data-aos=\"fade-up-right\"><p>Con la muerte de Hermann Peters en 1967, J\u00fcrgen Freitag, sobrino del fundador, asume la direcci\u00f3n y lleva a la empresa hacia una nueva direcci\u00f3n mediante la especializaci\u00f3n en piezas de repuesto para veh\u00edculos comerciales y la distribuci\u00f3n mundial.<\/p>\n<\/div>\t\t\t\t\t<\/div>\r\n\t\t\t\t<\/div>\r\n            <\/div>\r\n\t\t\t\t\r\n\t\t\t\r\n            <!-- end:history-item -->\r\n        \r\n            \n\n\r\n\t\t\t<!-- start:history-item -->\r\n       \r\n                        <div id=\"8cb548cd\" class=\"history-item history-item-8cb548cd no-media\">\r\n\t\t\t\t<div class=\"history-sep\"><!--<span class=\"bu\"><\/span><span class=\"u\"><\/span><span class=\"c\"><\/span><span class=\"d\"><\/span><span class=\"bd\"><\/span> --> <\/div>\r\n\t\t\t\t<div class=\"history-item-inner\">\r\n\t\t\t\t\t\t\t\t\t\t<div class=\"history-content\">\r\n\t\t\t\t\t\t<span class=\"history-year\" data-aos=\"fade-down\">1979<\/span>\t\t\t\t\t\t<h3 class=\"history-headline headline\" data-aos=\"fade-up-left\">Inicio de la distribuci\u00f3n mundial<\/h3>\t\t\t\t\t\t<div class=\"history-copy\" data-aos=\"fade-up-right\"><p>La marca PE est\u00e1 registrada internacionalmente desde 1979 y es uno de los proveedores l\u00edderes en el mercado libre de piezas.<\/p>\n<\/div>\t\t\t\t\t<\/div>\r\n\t\t\t\t<\/div>\r\n            <\/div>\r\n\t\t\t\t\r\n\t\t\t\r\n            <!-- end:history-item -->\r\n        \r\n            \n\n\r\n\t\t\t<!-- start:history-item -->\r\n       \r\n                        <div id=\"e87ff6df\" class=\"history-item history-item-e87ff6df has-media\">\r\n\t\t\t\t<div class=\"history-sep\"><!--<span class=\"bu\"><\/span><span class=\"u\"><\/span><span class=\"c\"><\/span><span class=\"d\"><\/span><span class=\"bd\"><\/span> --> <\/div>\r\n\t\t\t\t<div class=\"history-item-inner\">\r\n\t\t\t\t\t<div class=\"history-media\"><img loading=\"lazy\" decoding=\"async\" width=\"720\" height=\"600\" src=\"https:\/\/www.pe.de\/wp-content\/uploads\/pe_logo_historie-720x600.png\" class=\"attachment-content size-content\" alt=\"\" data-aos-delay=\"500\" data-aos=\"fade-up\" \/><\/div>\t\t\t\t\t<div class=\"history-content\">\r\n\t\t\t\t\t\t<span class=\"history-year\" data-aos=\"fade-down\">2011<\/span>\t\t\t\t\t\t<h3 class=\"history-headline headline\" data-aos=\"fade-up-left\">Nueva imagen, calidad probada<\/h3>\t\t\t\t\t\t<div class=\"history-copy\" data-aos=\"fade-up-right\"><p>El 2 de mayo de 2011, Hermann Peters GmbH &amp; Co. KG cambia su nombre y su dise\u00f1o corporativo. Con el cambio de nombre a PE Automotive GmbH &amp; Co. KG, la marca PE se sincroniza con el nombre de la empresa.<\/p>\n<\/div>\t\t\t\t\t<\/div>\r\n\t\t\t\t<\/div>\r\n            <\/div>\r\n\t\t\t\t\r\n\t\t\t\r\n            <!-- end:history-item -->\r\n        \r\n            \n\n\r\n\t\t\t<!-- start:history-item -->\r\n       \r\n                        <div id=\"4f0528e0\" class=\"history-item history-item-4f0528e0 has-media\">\r\n\t\t\t\t<div class=\"history-sep\"><!--<span class=\"bu\"><\/span><span class=\"u\"><\/span><span class=\"c\"><\/span><span class=\"d\"><\/span><span class=\"bd\"><\/span> --> <\/div>\r\n\t\t\t\t<div class=\"history-item-inner\">\r\n\t\t\t\t\t<div class=\"history-media\"><img loading=\"lazy\" decoding=\"async\" width=\"750\" height=\"600\" src=\"https:\/\/www.pe.de\/wp-content\/uploads\/2014-750x600.jpg\" class=\"attachment-content size-content\" alt=\"\" data-aos-delay=\"500\" data-aos=\"fade-up\" \/><\/div>\t\t\t\t\t<div class=\"history-content\">\r\n\t\t\t\t\t\t<span class=\"history-year\" data-aos=\"fade-down\">2014<\/span>\t\t\t\t\t\t<h3 class=\"history-headline headline\" data-aos=\"fade-up-left\">Nuevo centro log\u00edstico<\/h3>\t\t\t\t\t\t<div class=\"history-copy\" data-aos=\"fade-up-right\"><p>En el verano de 2014, PE se reestructur\u00f3 y agrup\u00f3 tres ubicaciones anteriores en el nuevo centro log\u00edstico de Wuppertal. 50.000 metros cuadrados de superficie y un almac\u00e9n de estanter\u00edas altas ultramoderno garantizan una r\u00e1pida disponibilidad de piezas de repuesto y procesos eficientes.<\/p>\n<\/div>\t\t\t\t\t<\/div>\r\n\t\t\t\t<\/div>\r\n            <\/div>\r\n\t\t\t\t\r\n\t\t\t\r\n            <!-- end:history-item -->\r\n        \r\n            \n\n\r\n\t\t\t<!-- start:history-item -->\r\n       \r\n                        <div id=\"e071cf43\" class=\"history-item history-item-e071cf43 has-media\">\r\n\t\t\t\t<div class=\"history-sep\"><!--<span class=\"bu\"><\/span><span class=\"u\"><\/span><span class=\"c\"><\/span><span class=\"d\"><\/span><span class=\"bd\"><\/span> --> <\/div>\r\n\t\t\t\t<div class=\"history-item-inner\">\r\n\t\t\t\t\t<div class=\"history-media\"><img loading=\"lazy\" decoding=\"async\" width=\"720\" height=\"600\" src=\"https:\/\/www.pe.de\/wp-content\/uploads\/bpw_logo_historie-720x600.png\" class=\"attachment-content size-content\" alt=\"\" data-aos-delay=\"500\" data-aos=\"fade-up\" \/><\/div>\t\t\t\t\t<div class=\"history-content\">\r\n\t\t\t\t\t\t<span class=\"history-year\" data-aos=\"fade-down\">2016<\/span>\t\t\t\t\t\t<h3 class=\"history-headline headline\" data-aos=\"fade-up-left\">Grupo BPW<\/h3>\t\t\t\t\t\t<div class=\"history-copy\" data-aos=\"fade-up-right\"><p>Desde el 1 de enero de 2016, PE Automotive forma parte del Grupo BPW y, desde entonces, ha podido ampliar considerablemente la gama de productos.<\/p>\n<\/div>\t\t\t\t\t<\/div>\r\n\t\t\t\t<\/div>\r\n            <\/div>\r\n\t\t\t\t\r\n\t\t\t\r\n            <!-- end:history-item -->\r\n        \r\n            \n\n\r\n\t\t\t<!-- start:history-item -->\r\n       \r\n                        <div id=\"f91767c3\" class=\"history-item history-item-f91767c3 has-media\">\r\n\t\t\t\t<div class=\"history-sep\"><!--<span class=\"bu\"><\/span><span class=\"u\"><\/span><span class=\"c\"><\/span><span class=\"d\"><\/span><span class=\"bd\"><\/span> --> <\/div>\r\n\t\t\t\t<div class=\"history-item-inner\">\r\n\t\t\t\t\t<div class=\"history-media\"><img loading=\"lazy\" decoding=\"async\" width=\"720\" height=\"600\" src=\"https:\/\/www.pe.de\/wp-content\/uploads\/monark_logo_historie-720x600.png\" class=\"attachment-content size-content\" alt=\"\" data-aos-delay=\"500\" data-aos=\"fade-up\" \/><\/div>\t\t\t\t\t<div class=\"history-content\">\r\n\t\t\t\t\t\t<span class=\"history-year\" data-aos=\"fade-down\">2020<\/span>\t\t\t\t\t\t<h3 class=\"history-headline headline\" data-aos=\"fade-up-left\">Adquisici\u00f3n de Monark como parte del conjunto<\/h3>\t\t\t\t\t\t<div class=\"history-copy\" data-aos=\"fade-up-right\"><p>Desde el 1 de febrero de 2020, PE Automotive ha asumido los negocios comerciales de Monark Automotive GmbH, as\u00ed como la marca Monark. Con productos de primera calidad, Monark complementa idealmente la gama de PE con electr\u00f3nica y iluminaci\u00f3n para veh\u00edculos.<\/p>\n<\/div>\t\t\t\t\t<\/div>\r\n\t\t\t\t<\/div>\r\n            <\/div>\r\n\t\t\t\t\r\n\t\t\t\r\n            <!-- end:history-item -->\r\n        \r\n            \n\n\r\n\t\t\t<!-- start:history-item -->\r\n       \r\n                        <div id=\"a3d278a3\" class=\"history-item history-item-a3d278a3 has-media\">\r\n\t\t\t\t<div class=\"history-sep\"><!--<span class=\"bu\"><\/span><span class=\"u\"><\/span><span class=\"c\"><\/span><span class=\"d\"><\/span><span class=\"bd\"><\/span> --> <\/div>\r\n\t\t\t\t<div class=\"history-item-inner\">\r\n\t\t\t\t\t<div class=\"history-media\"><img loading=\"lazy\" decoding=\"async\" width=\"720\" height=\"600\" src=\"https:\/\/www.pe.de\/wp-content\/uploads\/pe_75_jahre_historie-720x600.png\" class=\"attachment-content size-content\" alt=\"\" data-aos-delay=\"500\" data-aos=\"fade-up\" \/><\/div>\t\t\t\t\t<div class=\"history-content\">\r\n\t\t\t\t\t\t<span class=\"history-year\" data-aos=\"fade-down\">2022<\/span>\t\t\t\t\t\t<h3 class=\"history-headline headline\" data-aos=\"fade-up-left\">75 aniversario de PE <\/h3>\t\t\t\t\t\t<div class=\"history-copy\" data-aos=\"fade-up-right\"><p><b>75 a\u00f1os de colaboraci\u00f3n<br \/>\nbasada en la confianza<\/b><br \/>\nPE lleva m\u00e1s de 75 a\u00f1os en el mercado, garantizando el buen funcionamiento de los veh\u00edculos comerciales. No en vano, es especialista en el mercado libre de piezas para veh\u00edculos comerciales. <\/p>\n<\/div>\t\t\t\t\t<\/div>\r\n\t\t\t\t<\/div>\r\n            <\/div>\r\n\t\t\t\t\r\n\t\t\t\r\n            <!-- end:history-item -->\r\n        \r\n            \n<\/div>\r\n\t\t\t<\/div>\r\n\t\t\t\t\r\n\t\t\t\r\n            <!-- end:history -->\r\n        \r\n            \n<\/div>\n<\/div>","protected":false},"excerpt":{"rendered":"<p>La experiencia es irremplazable. En PE, antes conocida como Peters Ennepetal, puede confiar en la experiencia y competencia concentrada de m\u00e1s de 75 a\u00f1os. Conocemos las exigencias del mercado de veh\u00edculos comerciales y apoyamos al comercio, a los talleres y a los operadores de flotas con recambios de marca para la reparaci\u00f3n en funci\u00f3n del &#8230; <a title=\"Historia\" class=\"read-more\" href=\"https:\/\/www.pe.de\/es\/pe-id\/historia\/\" aria-label=\"Leer m\u00e1s sobre Historia\">Weiterlesen &#8230;<\/a><\/p>\n","protected":false},"author":1,"featured_media":0,"parent":4881,"menu_order":1,"comment_status":"closed","ping_status":"closed","template":"","meta":{"_acf_changed":false,"inline_featured_image":false,"footnotes":""},"class_list":["post-4816","page","type-page","status-publish"],"acf":[],"yoast_head":"<!-- This site is optimized with the Yoast SEO plugin v27.2 - https:\/\/yoast.com\/product\/yoast-seo-wordpress\/ -->\n<title>Historia - PE Automotive<\/title>\n<meta name=\"robots\" content=\"index, follow, max-snippet:-1, max-image-preview:large, max-video-preview:-1\" \/>\n<link rel=\"canonical\" href=\"https:\/\/www.pe.de\/es\/pe-id\/historia\/\" \/>\n<meta property=\"og:locale\" content=\"es_ES\" \/>\n<meta property=\"og:type\" content=\"article\" \/>\n<meta property=\"og:title\" content=\"Historia - PE Automotive\" \/>\n<meta property=\"og:description\" content=\"La experiencia es irremplazable. En PE, antes conocida como Peters Ennepetal, puede confiar en la experiencia y competencia concentrada de m\u00e1s de 75 a\u00f1os. Conocemos las exigencias del mercado de veh\u00edculos comerciales y apoyamos al comercio, a los talleres y a los operadores de flotas con recambios de marca para la reparaci\u00f3n en funci\u00f3n del ... Weiterlesen ...\" \/>\n<meta property=\"og:url\" content=\"https:\/\/www.pe.de\/es\/pe-id\/historia\/\" \/>\n<meta property=\"og:site_name\" content=\"PE Automotive\" \/>\n<meta property=\"article:modified_time\" content=\"2025-11-24T08:55:29+00:00\" \/>\n<meta name=\"twitter:card\" content=\"summary_large_image\" \/>\n<meta name=\"twitter:label1\" content=\"Tiempo de lectura\" \/>\n\t<meta name=\"twitter:data1\" content=\"1 minuto\" \/>\n<script type=\"application\/ld+json\" class=\"yoast-schema-graph\">{\"@context\":\"https:\/\/schema.org\",\"@graph\":[{\"@type\":\"WebPage\",\"@id\":\"https:\/\/www.pe.de\/es\/pe-id\/historia\/\",\"url\":\"https:\/\/www.pe.de\/es\/pe-id\/historia\/\",\"name\":\"Historia - PE Automotive\",\"isPartOf\":{\"@id\":\"https:\/\/www.pe.de\/es\/#website\"},\"datePublished\":\"2023-08-02T17:35:35+00:00\",\"dateModified\":\"2025-11-24T08:55:29+00:00\",\"breadcrumb\":{\"@id\":\"https:\/\/www.pe.de\/es\/pe-id\/historia\/#breadcrumb\"},\"inLanguage\":\"es\",\"potentialAction\":[{\"@type\":\"ReadAction\",\"target\":[\"https:\/\/www.pe.de\/es\/pe-id\/historia\/\"]}]},{\"@type\":\"BreadcrumbList\",\"@id\":\"https:\/\/www.pe.de\/es\/pe-id\/historia\/#breadcrumb\",\"itemListElement\":[{\"@type\":\"ListItem\",\"position\":1,\"name\":\"Startseite\",\"item\":\"https:\/\/www.pe.de\/es\/\"},{\"@type\":\"ListItem\",\"position\":2,\"name\":\"PE-ID\",\"item\":\"https:\/\/www.pe.de\/es\/pe-id\/\"},{\"@type\":\"ListItem\",\"position\":3,\"name\":\"Historia\"}]},{\"@type\":\"WebSite\",\"@id\":\"https:\/\/www.pe.de\/es\/#website\",\"url\":\"https:\/\/www.pe.de\/es\/\",\"name\":\"PE Automotive\",\"description\":\"\",\"publisher\":{\"@id\":\"https:\/\/www.pe.de\/es\/#organization\"},\"potentialAction\":[{\"@type\":\"SearchAction\",\"target\":{\"@type\":\"EntryPoint\",\"urlTemplate\":\"https:\/\/www.pe.de\/es\/?s={search_term_string}\"},\"query-input\":{\"@type\":\"PropertyValueSpecification\",\"valueRequired\":true,\"valueName\":\"search_term_string\"}}],\"inLanguage\":\"es\"},{\"@type\":\"Organization\",\"@id\":\"https:\/\/www.pe.de\/es\/#organization\",\"name\":\"PE Automotive\",\"url\":\"https:\/\/www.pe.de\/es\/\",\"logo\":{\"@type\":\"ImageObject\",\"inLanguage\":\"es\",\"@id\":\"https:\/\/www.pe.de\/es\/#\/schema\/logo\/image\/\",\"url\":\"https:\/\/www.pe.de\/wp-content\/uploads\/Logo_PE_filled_version_white-1.svg\",\"contentUrl\":\"https:\/\/www.pe.de\/wp-content\/uploads\/Logo_PE_filled_version_white-1.svg\",\"width\":100,\"height\":100,\"caption\":\"PE Automotive\"},\"image\":{\"@id\":\"https:\/\/www.pe.de\/es\/#\/schema\/logo\/image\/\"}}]}<\/script>\n<!-- \/ Yoast SEO plugin. -->","yoast_head_json":{"title":"Historia - PE Automotive","robots":{"index":"index","follow":"follow","max-snippet":"max-snippet:-1","max-image-preview":"max-image-preview:large","max-video-preview":"max-video-preview:-1"},"canonical":"https:\/\/www.pe.de\/es\/pe-id\/historia\/","og_locale":"es_ES","og_type":"article","og_title":"Historia - PE Automotive","og_description":"La experiencia es irremplazable. En PE, antes conocida como Peters Ennepetal, puede confiar en la experiencia y competencia concentrada de m\u00e1s de 75 a\u00f1os. Conocemos las exigencias del mercado de veh\u00edculos comerciales y apoyamos al comercio, a los talleres y a los operadores de flotas con recambios de marca para la reparaci\u00f3n en funci\u00f3n del ... Weiterlesen ...","og_url":"https:\/\/www.pe.de\/es\/pe-id\/historia\/","og_site_name":"PE Automotive","article_modified_time":"2025-11-24T08:55:29+00:00","twitter_card":"summary_large_image","twitter_misc":{"Tiempo de lectura":"1 minuto"},"schema":{"@context":"https:\/\/schema.org","@graph":[{"@type":"WebPage","@id":"https:\/\/www.pe.de\/es\/pe-id\/historia\/","url":"https:\/\/www.pe.de\/es\/pe-id\/historia\/","name":"Historia - PE Automotive","isPartOf":{"@id":"https:\/\/www.pe.de\/es\/#website"},"datePublished":"2023-08-02T17:35:35+00:00","dateModified":"2025-11-24T08:55:29+00:00","breadcrumb":{"@id":"https:\/\/www.pe.de\/es\/pe-id\/historia\/#breadcrumb"},"inLanguage":"es","potentialAction":[{"@type":"ReadAction","target":["https:\/\/www.pe.de\/es\/pe-id\/historia\/"]}]},{"@type":"BreadcrumbList","@id":"https:\/\/www.pe.de\/es\/pe-id\/historia\/#breadcrumb","itemListElement":[{"@type":"ListItem","position":1,"name":"Startseite","item":"https:\/\/www.pe.de\/es\/"},{"@type":"ListItem","position":2,"name":"PE-ID","item":"https:\/\/www.pe.de\/es\/pe-id\/"},{"@type":"ListItem","position":3,"name":"Historia"}]},{"@type":"WebSite","@id":"https:\/\/www.pe.de\/es\/#website","url":"https:\/\/www.pe.de\/es\/","name":"PE Automotive","description":"","publisher":{"@id":"https:\/\/www.pe.de\/es\/#organization"},"potentialAction":[{"@type":"SearchAction","target":{"@type":"EntryPoint","urlTemplate":"https:\/\/www.pe.de\/es\/?s={search_term_string}"},"query-input":{"@type":"PropertyValueSpecification","valueRequired":true,"valueName":"search_term_string"}}],"inLanguage":"es"},{"@type":"Organization","@id":"https:\/\/www.pe.de\/es\/#organization","name":"PE Automotive","url":"https:\/\/www.pe.de\/es\/","logo":{"@type":"ImageObject","inLanguage":"es","@id":"https:\/\/www.pe.de\/es\/#\/schema\/logo\/image\/","url":"https:\/\/www.pe.de\/wp-content\/uploads\/Logo_PE_filled_version_white-1.svg","contentUrl":"https:\/\/www.pe.de\/wp-content\/uploads\/Logo_PE_filled_version_white-1.svg","width":100,"height":100,"caption":"PE Automotive"},"image":{"@id":"https:\/\/www.pe.de\/es\/#\/schema\/logo\/image\/"}}]}},"_links":{"self":[{"href":"https:\/\/www.pe.de\/es\/wp-json\/wp\/v2\/pages\/4816","targetHints":{"allow":["GET"]}}],"collection":[{"href":"https:\/\/www.pe.de\/es\/wp-json\/wp\/v2\/pages"}],"about":[{"href":"https:\/\/www.pe.de\/es\/wp-json\/wp\/v2\/types\/page"}],"author":[{"embeddable":true,"href":"https:\/\/www.pe.de\/es\/wp-json\/wp\/v2\/users\/1"}],"replies":[{"embeddable":true,"href":"https:\/\/www.pe.de\/es\/wp-json\/wp\/v2\/comments?post=4816"}],"version-history":[{"count":2,"href":"https:\/\/www.pe.de\/es\/wp-json\/wp\/v2\/pages\/4816\/revisions"}],"predecessor-version":[{"id":5254,"href":"https:\/\/www.pe.de\/es\/wp-json\/wp\/v2\/pages\/4816\/revisions\/5254"}],"up":[{"embeddable":true,"href":"https:\/\/www.pe.de\/es\/wp-json\/wp\/v2\/pages\/4881"}],"wp:attachment":[{"href":"https:\/\/www.pe.de\/es\/wp-json\/wp\/v2\/media?parent=4816"}],"curies":[{"name":"wp","href":"https:\/\/api.w.org\/{rel}","templated":true}]}}