{"id":4806,"date":"2023-12-15T10:58:01","date_gmt":"2023-12-15T09:58:01","guid":{"rendered":"https:\/\/www.pe.de\/bpw-pe\/"},"modified":"2025-11-24T09:56:26","modified_gmt":"2025-11-24T08:56:26","slug":"bpw-pe","status":"publish","type":"page","link":"https:\/\/www.pe.de\/es\/pe-id\/bpw-pe\/","title":{"rendered":"BPW &amp; PE"},"content":{"rendered":"<div id=\"f0ca4e87\" class=\"hero hero-f0ca4e87 hero--default\" data-theme=\"dark\">\r\n\t\t\t\t\t\t\t\t<div class=\"acf-innerblocks-container\">\n\r\n\t\t\t       \r\n                    \r\n            <div id=\"11a611f8\" class=\"hero-slide hero-slide-11a611f8 hero-slide--overlay hero-slide--image\">\r\n\t\t\t\t<div class=\"hero-canvas\">\r\n\t\t\t\t\t\r\n\t\t\t\t\r\n\t\t\t\t\r\n\t\t\t\t\t\r\n\r\n\t\t\t\t\t<h1 class=\"hero-headline\">Miembro del Grupo BPW<\/h1>\r\n\r\n\r\n\r\n\r\n\r\n\r\n\t\t\t\t\t<span class=\"hero-subheadline subheadline\">PE Automotive desde 2016<\/span>\t\t\t\t<\/div>\r\n\t\t\t\t<div class=\"hero-media hero-media-image\"><img loading=\"lazy\" decoding=\"async\" width=\"1920\" height=\"600\" src=\"https:\/\/www.pe.de\/wp-content\/uploads\/BPW_PE.jpg\" class=\"attachment-full size-full\" alt=\"\" srcset=\"https:\/\/www.pe.de\/wp-content\/uploads\/BPW_PE.jpg 1920w, https:\/\/www.pe.de\/wp-content\/uploads\/BPW_PE-300x94.jpg 300w, https:\/\/www.pe.de\/wp-content\/uploads\/BPW_PE-1024x320.jpg 1024w, https:\/\/www.pe.de\/wp-content\/uploads\/BPW_PE-768x240.jpg 768w, https:\/\/www.pe.de\/wp-content\/uploads\/BPW_PE-1536x480.jpg 1536w\" sizes=\"auto, (max-width: 1920px) 100vw, 1920px\" \/><\/div>            <\/div>\r\n\t\t\t\t\r\n            \r\n\t\t\t\r\n        \r\n            \n<\/div>\r\n\t\t\t\t\t\t\t\t\t\t\t\t<div id=\"start\"><\/div>\r\n\t\t\t<\/div>\r\n\t\t\t\t\r\n\t\t\t\r\n\t\t\t        \r\n            \n\n<div id=\"b39381e7\" class=\"gb-section gb-container gb-container-b39381e7 gb-container-section-invert-fill\" data-container-type=\"section\" data-theme=\"light\">\n<div id=\"173ea1a8\" class=\"gb-inner-section gb-container gb-container-173ea1a8\" data-container-type=\"container\" data-theme=\"inherit\">\n<div class=\"gb-grid-wrapper gb-grid-wrapper-9aca115e\">\n<div class=\"gb-grid-column gb-grid-column-cfdb6258\"><div id=\"cfdb6258\" class=\"gb-container gb-container-cfdb6258\" data-container-type=\"container\" data-theme=\"inherit\">\n\n<div class=\"wp-block-pixel-headline headlines is-subheadline-bottom has-text-align-left\"><h2 class=\"headline\" style=\"color:var(--color-invert)\">Toda la gama de productos para camiones y remolques<\/h2><span class=\"subheadline\" style=\"color:\">Desde la pieza original hasta la pieza de repuesto<\/span><\/div>\n\n\n\n<p class=\"has-color-invert-color has-text-color has-link-color wp-elements-548d4d93494667824ed233fbff8e3151\">Un grupo, todo incluido: Una gama completa de productos facilita el trabajo diario en el taller. Sobre todo, si est\u00e1 preparado para todas las fases del ciclo de vida del veh\u00edculo. El Grupo BPW no solo ofrece recambios originales, sino tambi\u00e9n recambios de las marcas PE y Monark, que son necesarios e importantes para la reparaci\u00f3n y el mantenimiento de veh\u00edculos industriales en funci\u00f3n de su valor actual.<\/p>\n\n<\/div><\/div>\n\n<div class=\"gb-grid-column gb-grid-column-4e23e10a\"><div id=\"4e23e10a\" class=\"gb-container gb-container-4e23e10a\" data-container-type=\"container\" data-theme=\"inherit\">\n\n<p><\/p>\n\n\n\n<figure class=\"wp-block-image size-large\"><img loading=\"lazy\" decoding=\"async\" width=\"218\" height=\"218\" src=\"https:\/\/www.pe.de\/wp-content\/uploads\/bpw_logo.svg\" alt=\"\" class=\"wp-image-1434\"\/><\/figure>\n\n<\/div><\/div>\n<\/div>\n<\/div>\n<\/div>\n\n<div id=\"f8e1bd03\" class=\"gb-section gb-container gb-container-f8e1bd03 gb-container-section-invert-fill\" data-container-type=\"section\" data-theme=\"dark\">\n<div id=\"6efa9b0c\" class=\"gb-inner-section gb-container gb-container-6efa9b0c\" data-container-type=\"container\" data-theme=\"inherit\">\n<div id=\"1d8132e2\" class=\"gb-container gb-container-1d8132e2\" data-container-type=\"container\" data-theme=\"inherit\">\n\n<div class=\"wp-block-pixel-headline headlines is-subheadline-bottom has-text-align-left\"><h2 class=\"headline\" style=\"color:\">BPW &amp; PE<\/h2><span class=\"subheadline\" style=\"color:\">\u00a1Socios para su negocio!<\/span><\/div>\n\n\n\n<p>La gama completa de BPW y PE: Porque no importa por cu\u00e1l de nuestras marcas se decida: Con nosotros siempre tomar\u00e1 la decisi\u00f3n correcta.<\/p>\n\n\n\n<p>BPW, como socio de movilidad y sistemas de la industria del transporte, y PE, como proveedor especializado de recambios de alta calidad para cabezas tractoras y remolques, son sin\u00f3nimo de calidad y rentabilidad. Con nosotros siempre encontrar\u00e1 r\u00e1pidamente el recambio exacto que necesita para sus camiones y remolques.<\/p>\n\n<\/div>\n<\/div>\n\n<div id=\"2501d2ac\" class=\"gb-inner-section gb-container gb-container-2501d2ac\" data-container-type=\"container\" data-theme=\"inherit\">\n<div id=\"ad337772\" class=\"gb-container gb-container-ad337772\" data-container-type=\"container\" data-theme=\"inherit\">\n\n<div class=\"wp-block-pixel-headline headlines is-subheadline-bottom has-text-align-left\"><h2 class=\"headline\" style=\"color:\">Acerca del Grupo BPW<\/h2><\/div>\n\n\n\n<p>El Grupo BPW investiga, desarrolla y produce todo lo que mueve, asegura, ilumina, hace inteligente y conecta digitalmente el transporte. En todo el mundo, el grupo empresarial con sus marcas BPW, Ermax, HBN, HESTAL e idem telematics es un socio de sistemas preferido por el sector de los veh\u00edculos industriales para chasis, frenos, iluminaci\u00f3n, tecnolog\u00eda de cierre y carrocer\u00eda, telem\u00e1tica, as\u00ed como otros componentes importantes para camiones, remolques y autobuses. El Grupo BPW ofrece a las empresas de transporte servicios integrales de movilidad. Estos abarcan desde la red de servicio mundial hasta el suministro de piezas de repuesto y la interconexi\u00f3n inteligente de veh\u00edculos, conductores y carga. El grupo empresarial, dirigido por sus propietarios, emplea actualmente a unos 7.000 trabajadores en 27 pa\u00edses y en 2022 alcanz\u00f3 una facturaci\u00f3n consolidada de 1.731 millones de euros. <a href=\"http:\/\/www.bpw.de\" target=\"_blank\" rel=\"noreferrer noopener nofollow\">www.bpw.de<\/a><\/p>\n\n<\/div>\n<\/div>\n<\/div>","protected":false},"excerpt":{"rendered":"<p>La gama completa de BPW y PE: Porque no importa por cu\u00e1l de nuestras marcas se decida: Con nosotros siempre tomar\u00e1 la decisi\u00f3n correcta. BPW, como socio de movilidad y sistemas de la industria del transporte, y PE, como proveedor especializado de recambios de alta calidad para cabezas tractoras y remolques, son sin\u00f3nimo de calidad &#8230; <a title=\"BPW &amp; PE\" class=\"read-more\" href=\"https:\/\/www.pe.de\/es\/pe-id\/bpw-pe\/\" aria-label=\"Leer m\u00e1s sobre BPW &amp; PE\">Weiterlesen &#8230;<\/a><\/p>\n","protected":false},"author":1,"featured_media":0,"parent":4881,"menu_order":2,"comment_status":"closed","ping_status":"closed","template":"","meta":{"_acf_changed":false,"inline_featured_image":false,"footnotes":""},"class_list":["post-4806","page","type-page","status-publish"],"acf":[],"yoast_head":"<!-- This site is optimized with the Yoast SEO plugin v27.2 - https:\/\/yoast.com\/product\/yoast-seo-wordpress\/ -->\n<title>BPW &amp; PE - PE Automotive<\/title>\n<meta name=\"robots\" content=\"index, follow, max-snippet:-1, max-image-preview:large, max-video-preview:-1\" \/>\n<link rel=\"canonical\" href=\"https:\/\/www.pe.de\/es\/pe-id\/bpw-pe\/\" \/>\n<meta property=\"og:locale\" content=\"es_ES\" \/>\n<meta property=\"og:type\" content=\"article\" \/>\n<meta property=\"og:title\" content=\"BPW &amp; PE - PE Automotive\" \/>\n<meta property=\"og:description\" content=\"La gama completa de BPW y PE: Porque no importa por cu\u00e1l de nuestras marcas se decida: Con nosotros siempre tomar\u00e1 la decisi\u00f3n correcta. BPW, como socio de movilidad y sistemas de la industria del transporte, y PE, como proveedor especializado de recambios de alta calidad para cabezas tractoras y remolques, son sin\u00f3nimo de calidad ... Weiterlesen ...\" \/>\n<meta property=\"og:url\" content=\"https:\/\/www.pe.de\/es\/pe-id\/bpw-pe\/\" \/>\n<meta property=\"og:site_name\" content=\"PE Automotive\" \/>\n<meta property=\"article:modified_time\" content=\"2025-11-24T08:56:26+00:00\" \/>\n<meta property=\"og:image\" content=\"https:\/\/www.pe.de\/wp-content\/uploads\/bpw_logo.svg\" \/>\n<meta name=\"twitter:card\" content=\"summary_large_image\" \/>\n<meta name=\"twitter:label1\" content=\"Tiempo de lectura\" \/>\n\t<meta name=\"twitter:data1\" content=\"2 minutos\" \/>\n<script type=\"application\/ld+json\" class=\"yoast-schema-graph\">{\"@context\":\"https:\/\/schema.org\",\"@graph\":[{\"@type\":\"WebPage\",\"@id\":\"https:\/\/www.pe.de\/es\/pe-id\/bpw-pe\/\",\"url\":\"https:\/\/www.pe.de\/es\/pe-id\/bpw-pe\/\",\"name\":\"BPW &amp; PE - PE Automotive\",\"isPartOf\":{\"@id\":\"https:\/\/www.pe.de\/es\/#website\"},\"primaryImageOfPage\":{\"@id\":\"https:\/\/www.pe.de\/es\/pe-id\/bpw-pe\/#primaryimage\"},\"image\":{\"@id\":\"https:\/\/www.pe.de\/es\/pe-id\/bpw-pe\/#primaryimage\"},\"thumbnailUrl\":\"https:\/\/www.pe.de\/wp-content\/uploads\/bpw_logo.svg\",\"datePublished\":\"2023-12-15T09:58:01+00:00\",\"dateModified\":\"2025-11-24T08:56:26+00:00\",\"breadcrumb\":{\"@id\":\"https:\/\/www.pe.de\/es\/pe-id\/bpw-pe\/#breadcrumb\"},\"inLanguage\":\"es\",\"potentialAction\":[{\"@type\":\"ReadAction\",\"target\":[\"https:\/\/www.pe.de\/es\/pe-id\/bpw-pe\/\"]}]},{\"@type\":\"ImageObject\",\"inLanguage\":\"es\",\"@id\":\"https:\/\/www.pe.de\/es\/pe-id\/bpw-pe\/#primaryimage\",\"url\":\"https:\/\/www.pe.de\/wp-content\/uploads\/bpw_logo.svg\",\"contentUrl\":\"https:\/\/www.pe.de\/wp-content\/uploads\/bpw_logo.svg\"},{\"@type\":\"BreadcrumbList\",\"@id\":\"https:\/\/www.pe.de\/es\/pe-id\/bpw-pe\/#breadcrumb\",\"itemListElement\":[{\"@type\":\"ListItem\",\"position\":1,\"name\":\"Startseite\",\"item\":\"https:\/\/www.pe.de\/es\/\"},{\"@type\":\"ListItem\",\"position\":2,\"name\":\"PE-ID\",\"item\":\"https:\/\/www.pe.de\/es\/pe-id\/\"},{\"@type\":\"ListItem\",\"position\":3,\"name\":\"BPW &amp; PE\"}]},{\"@type\":\"WebSite\",\"@id\":\"https:\/\/www.pe.de\/es\/#website\",\"url\":\"https:\/\/www.pe.de\/es\/\",\"name\":\"PE Automotive\",\"description\":\"\",\"publisher\":{\"@id\":\"https:\/\/www.pe.de\/es\/#organization\"},\"potentialAction\":[{\"@type\":\"SearchAction\",\"target\":{\"@type\":\"EntryPoint\",\"urlTemplate\":\"https:\/\/www.pe.de\/es\/?s={search_term_string}\"},\"query-input\":{\"@type\":\"PropertyValueSpecification\",\"valueRequired\":true,\"valueName\":\"search_term_string\"}}],\"inLanguage\":\"es\"},{\"@type\":\"Organization\",\"@id\":\"https:\/\/www.pe.de\/es\/#organization\",\"name\":\"PE Automotive\",\"url\":\"https:\/\/www.pe.de\/es\/\",\"logo\":{\"@type\":\"ImageObject\",\"inLanguage\":\"es\",\"@id\":\"https:\/\/www.pe.de\/es\/#\/schema\/logo\/image\/\",\"url\":\"https:\/\/www.pe.de\/wp-content\/uploads\/Logo_PE_filled_version_white-1.svg\",\"contentUrl\":\"https:\/\/www.pe.de\/wp-content\/uploads\/Logo_PE_filled_version_white-1.svg\",\"width\":100,\"height\":100,\"caption\":\"PE Automotive\"},\"image\":{\"@id\":\"https:\/\/www.pe.de\/es\/#\/schema\/logo\/image\/\"}}]}<\/script>\n<!-- \/ Yoast SEO plugin. -->","yoast_head_json":{"title":"BPW &amp; PE - PE Automotive","robots":{"index":"index","follow":"follow","max-snippet":"max-snippet:-1","max-image-preview":"max-image-preview:large","max-video-preview":"max-video-preview:-1"},"canonical":"https:\/\/www.pe.de\/es\/pe-id\/bpw-pe\/","og_locale":"es_ES","og_type":"article","og_title":"BPW &amp; PE - PE Automotive","og_description":"La gama completa de BPW y PE: Porque no importa por cu\u00e1l de nuestras marcas se decida: Con nosotros siempre tomar\u00e1 la decisi\u00f3n correcta. BPW, como socio de movilidad y sistemas de la industria del transporte, y PE, como proveedor especializado de recambios de alta calidad para cabezas tractoras y remolques, son sin\u00f3nimo de calidad ... Weiterlesen ...","og_url":"https:\/\/www.pe.de\/es\/pe-id\/bpw-pe\/","og_site_name":"PE Automotive","article_modified_time":"2025-11-24T08:56:26+00:00","og_image":[{"url":"https:\/\/www.pe.de\/wp-content\/uploads\/bpw_logo.svg","type":"","width":"","height":""}],"twitter_card":"summary_large_image","twitter_misc":{"Tiempo de lectura":"2 minutos"},"schema":{"@context":"https:\/\/schema.org","@graph":[{"@type":"WebPage","@id":"https:\/\/www.pe.de\/es\/pe-id\/bpw-pe\/","url":"https:\/\/www.pe.de\/es\/pe-id\/bpw-pe\/","name":"BPW &amp; PE - PE Automotive","isPartOf":{"@id":"https:\/\/www.pe.de\/es\/#website"},"primaryImageOfPage":{"@id":"https:\/\/www.pe.de\/es\/pe-id\/bpw-pe\/#primaryimage"},"image":{"@id":"https:\/\/www.pe.de\/es\/pe-id\/bpw-pe\/#primaryimage"},"thumbnailUrl":"https:\/\/www.pe.de\/wp-content\/uploads\/bpw_logo.svg","datePublished":"2023-12-15T09:58:01+00:00","dateModified":"2025-11-24T08:56:26+00:00","breadcrumb":{"@id":"https:\/\/www.pe.de\/es\/pe-id\/bpw-pe\/#breadcrumb"},"inLanguage":"es","potentialAction":[{"@type":"ReadAction","target":["https:\/\/www.pe.de\/es\/pe-id\/bpw-pe\/"]}]},{"@type":"ImageObject","inLanguage":"es","@id":"https:\/\/www.pe.de\/es\/pe-id\/bpw-pe\/#primaryimage","url":"https:\/\/www.pe.de\/wp-content\/uploads\/bpw_logo.svg","contentUrl":"https:\/\/www.pe.de\/wp-content\/uploads\/bpw_logo.svg"},{"@type":"BreadcrumbList","@id":"https:\/\/www.pe.de\/es\/pe-id\/bpw-pe\/#breadcrumb","itemListElement":[{"@type":"ListItem","position":1,"name":"Startseite","item":"https:\/\/www.pe.de\/es\/"},{"@type":"ListItem","position":2,"name":"PE-ID","item":"https:\/\/www.pe.de\/es\/pe-id\/"},{"@type":"ListItem","position":3,"name":"BPW &amp; PE"}]},{"@type":"WebSite","@id":"https:\/\/www.pe.de\/es\/#website","url":"https:\/\/www.pe.de\/es\/","name":"PE Automotive","description":"","publisher":{"@id":"https:\/\/www.pe.de\/es\/#organization"},"potentialAction":[{"@type":"SearchAction","target":{"@type":"EntryPoint","urlTemplate":"https:\/\/www.pe.de\/es\/?s={search_term_string}"},"query-input":{"@type":"PropertyValueSpecification","valueRequired":true,"valueName":"search_term_string"}}],"inLanguage":"es"},{"@type":"Organization","@id":"https:\/\/www.pe.de\/es\/#organization","name":"PE Automotive","url":"https:\/\/www.pe.de\/es\/","logo":{"@type":"ImageObject","inLanguage":"es","@id":"https:\/\/www.pe.de\/es\/#\/schema\/logo\/image\/","url":"https:\/\/www.pe.de\/wp-content\/uploads\/Logo_PE_filled_version_white-1.svg","contentUrl":"https:\/\/www.pe.de\/wp-content\/uploads\/Logo_PE_filled_version_white-1.svg","width":100,"height":100,"caption":"PE Automotive"},"image":{"@id":"https:\/\/www.pe.de\/es\/#\/schema\/logo\/image\/"}}]}},"_links":{"self":[{"href":"https:\/\/www.pe.de\/es\/wp-json\/wp\/v2\/pages\/4806","targetHints":{"allow":["GET"]}}],"collection":[{"href":"https:\/\/www.pe.de\/es\/wp-json\/wp\/v2\/pages"}],"about":[{"href":"https:\/\/www.pe.de\/es\/wp-json\/wp\/v2\/types\/page"}],"author":[{"embeddable":true,"href":"https:\/\/www.pe.de\/es\/wp-json\/wp\/v2\/users\/1"}],"replies":[{"embeddable":true,"href":"https:\/\/www.pe.de\/es\/wp-json\/wp\/v2\/comments?post=4806"}],"version-history":[{"count":2,"href":"https:\/\/www.pe.de\/es\/wp-json\/wp\/v2\/pages\/4806\/revisions"}],"predecessor-version":[{"id":5255,"href":"https:\/\/www.pe.de\/es\/wp-json\/wp\/v2\/pages\/4806\/revisions\/5255"}],"up":[{"embeddable":true,"href":"https:\/\/www.pe.de\/es\/wp-json\/wp\/v2\/pages\/4881"}],"wp:attachment":[{"href":"https:\/\/www.pe.de\/es\/wp-json\/wp\/v2\/media?parent=4806"}],"curies":[{"name":"wp","href":"https:\/\/api.w.org\/{rel}","templated":true}]}}